{"id":8384,"date":"2023-07-27T08:09:49","date_gmt":"2023-07-27T08:09:49","guid":{"rendered":"https:\/\/www.fire-destroyer.com\/o-podjetju-copy\/"},"modified":"2025-02-28T13:43:40","modified_gmt":"2025-02-28T13:43:40","slug":"politica-sulla-riservatezza","status":"publish","type":"page","link":"https:\/\/www.firedestroyer.it\/en\/about-the-company\/","title":{"rendered":"PRIVACY POLICY"},"content":{"rendered":"<div data-elementor-type=\"wp-page\" data-elementor-id=\"8384\" class=\"elementor elementor-8384\">\n\t\t\t\t\t\t\t\t\t<section class=\"elementor-section elementor-top-section elementor-element elementor-element-e80c85c ct-section-stretched elementor-section-height-min-height elementor-section-items-top elementor-section-boxed elementor-section-height-default\" data-id=\"e80c85c\" data-element_type=\"section\" data-settings=\"{&quot;jet_parallax_layout_list&quot;:[]}\">\n\t\t\t\t\t\t<div class=\"elementor-container elementor-column-gap-no\">\n\t\t\t\t\t<div class=\"elementor-column elementor-col-100 elementor-top-column elementor-element elementor-element-b68df7d\" data-id=\"b68df7d\" data-element_type=\"column\">\n\t\t\t<div class=\"elementor-widget-wrap elementor-element-populated\">\n\t\t\t\t\t\t\t\t<div class=\"elementor-element elementor-element-ac714ba elementor-widget elementor-widget-heading\" data-id=\"ac714ba\" data-element_type=\"widget\" data-settings=\"{&quot;_animation&quot;:&quot;none&quot;}\" data-widget_type=\"heading.default\">\n\t\t\t\t<div class=\"elementor-widget-container\">\n\t\t\t<h2 class=\"elementor-heading-title elementor-size-default\">PRIVACY POLICY<\/h2>\t\t<\/div>\n\t\t\t\t<\/div>\n\t\t\t\t<div class=\"elementor-element elementor-element-b05a3b5 elementor-widget-divider--view-line elementor-widget elementor-widget-divider\" data-id=\"b05a3b5\" data-element_type=\"widget\" data-widget_type=\"divider.default\">\n\t\t\t\t<div class=\"elementor-widget-container\">\n\t\t\t\t\t<div class=\"elementor-divider\">\n\t\t\t<span class=\"elementor-divider-separator\">\n\t\t\t\t\t\t<\/span>\n\t\t<\/div>\n\t\t\t\t<\/div>\n\t\t\t\t<\/div>\n\t\t\t\t<div class=\"elementor-element elementor-element-a233518 elementor-widget elementor-widget-heading\" data-id=\"a233518\" data-element_type=\"widget\" data-widget_type=\"heading.default\">\n\t\t\t\t<div class=\"elementor-widget-container\">\n\t\t\t<h2 class=\"elementor-heading-title elementor-size-default\">DECLARATION OF CONFORMITY TO THE MANAGEMENT OF PERSONAL DATA<\/h2>\t\t<\/div>\n\t\t\t\t<\/div>\n\t\t\t\t<div class=\"elementor-element elementor-element-ed69a7e elementor-widget elementor-widget-text-editor\" data-id=\"ed69a7e\" data-element_type=\"widget\" data-widget_type=\"text-editor.default\">\n\t\t\t\t<div class=\"elementor-widget-container\">\n\t\t\t\t\t\t\t<p>The company PARAMETRIK doo., Dekani 2, 6271 Dekani (hereinafter: PARAMETRIK) makes the following declaration to its customers:<\/p>\t\t\t\t\t\t<\/div>\n\t\t\t\t<\/div>\n\t\t\t\t<div class=\"elementor-element elementor-element-f0e2b70 elementor-widget elementor-widget-text-editor\" data-id=\"f0e2b70\" data-element_type=\"widget\" data-widget_type=\"text-editor.default\">\n\t\t\t\t<div class=\"elementor-widget-container\">\n\t\t\t\t\t\t\t<ol><li>We undertake and declare that PARAMETRIK, as a personal data controller, manages the personal data of customers who are customers of the FIRE DESTROYER online store. If, for a specific purpose of personal data management, another entity other than the PARAMETRIK company is designated as the controller of personal data, the identity of this entity will be disclosed in connection with the specific purpose of personal data management.<\/li><li>We further undertake and declare that such management of personal data is carried out in accordance with the relevant rules on the management of personal data and observes the provisions of Regulation (EU) 2016\/679 of the European Parliament and of the Council on the protection of natural persons when processing personal data and on the free movement of such data and on the repeal of Directive 95\/46\/EC (General Data Protection Regulation, GDPR) and national legislation on the protection of personal data and regional legislation relating to the operations of PARAMETRIK.<\/li><li>We are committed to fully complying with the provisions of the legislation mentioned in point 2 of this notice in any management of personal data or in any personal data processing activity, and we will also expect the same compliance from our current \u2013 contractual \u2013 and future \u2013 potential partners.<\/li><li>We declare that PARAMETRIK \u2013 before starting the management of personal data \u2013 will do everything in its power to ensure that every natural person to whom the personal data refers has the right to obtain information, in order to ensure that he has clear and precise information on the management of his personal data and on all his rights in relation to the management of the data relating to this and on the possibilities of legal remedies available to him.<\/li><li>For PARAMETRIK, the protection of personal data is a key priority in the management of personal data, thus ensuring the right of the persons to whom the personal data refers to self-determination regarding their use. To achieve this goal, we ensure, in accordance with the provisions of the legislation mentioned in point 2 of this policy, adequate protection of the personal data we collect. The online store fire-destroyer.com uses SSL technology to transfer all of your personal data, which ensures the encryption of all information sent with orders. The information that you entrust to the controller is confidential. PARAMETRIK doo does not forward it to unauthorized third parties. However, personal data may be forwarded to trusted partners or based on a legal obligation, in accordance with the applicable law on personal data protection.<\/li><li>Online shop purchases and recipient information<br \/>The provider is not responsible for the accuracy of the data entered by the user. PARAMETRIK doo will use the data entered until deletion to process the user&#039;s order, prepare even more relevant offers and for marketing analysis that will help improve the sales process. The data may also be used for remarketing. PARAMETRIK doo data is stored until deletion or deletion in accordance with Slovenian legislation. The user can unsubscribe at any time in writing by sending an e-mail to info@firedestroyer.it. The e-mail must contain the following information: the title of the message must be &quot;Delete personal data&quot;; the content of the order must include the user&#039;s name and surname, address and e-mail address with which the user registered; the message must be sent from the e-mail address indicated by the user when ordering the goods.<\/li><li>Consent<br \/>By using the firedestroyer.it website, the user accepts the general conditions of use published on this site. On this site, the user can periodically monitor any changes to the general conditions and, consequently, the methods and purposes of processing of personal data collected. By using our website, the user confirms that he has read, understood and accepted all the terms of data confidentiality and the methods of use of fire-destroyer.com.<\/li><\/ol>\t\t\t\t\t\t<\/div>\n\t\t\t\t<\/div>\n\t\t\t\t<div class=\"elementor-element elementor-element-96841b8 elementor-widget elementor-widget-text-editor\" data-id=\"96841b8\" data-element_type=\"widget\" data-widget_type=\"text-editor.default\">\n\t\t\t\t<div class=\"elementor-widget-container\">\n\t\t\t\t\t\t\t<p>The controller of personal data is: PARAMETRIK doo,Dekani2, 6271 Dekani, Slovenia.<\/p><p>Any questions regarding privacy and the processing of personal data can be addressed to <a href=\"mailto:info@firedestroyer.it\">info@firedestroyer.it<\/a><\/p>\t\t\t\t\t\t<\/div>\n\t\t\t\t<\/div>\n\t\t\t\t\t<\/div>\n\t\t<\/div>\n\t\t\t\t\t\t\t<\/div>\n\t\t<\/section>\n\t\t\t\t\t\t\t<\/div>","protected":false},"excerpt":{"rendered":"<p>DICHIARAZIONE DI CONFORMIT\u00c0 ALLA GESTIONE DEI DATI PERSONALI La societ\u00e0 PARAMETRIK d.o.o.., Dekani 2, 6271 Dekani (di seguito: PARAMETRIK) rende ai propri clienti la seguente dichiarazione: Ci impegniamo e dichiariamo che PARAMETRIK, in qualit\u00e0 di gestore dei dati personali, gestisce i dati personali dei clienti che sono clienti del negozio online FIRE DESTROYER. Se, per uno scopo specifico della gestione dei dati personali, un&#8217;altra entit\u00e0 diversa dalla societ\u00e0 PARAMETRIK viene definita come responsabile dei dati personali, l&#8217;identit\u00e0 di questa entit\u00e0 sar\u00e0 divulgata in relazione allo scopo specifico della gestione dei dati personali. Ci impegniamo e dichiariamo inoltre che tale gestione\u2026<\/p>","protected":false},"author":1,"featured_media":0,"parent":0,"menu_order":0,"comment_status":"closed","ping_status":"closed","template":"elementor_header_footer","meta":{"_seopress_robots_primary_cat":"","footnotes":""},"class_list":["post-8384","page","type-page","status-publish","hentry"],"blocksy_meta":"","_links":{"self":[{"href":"https:\/\/www.firedestroyer.it\/en\/wp-json\/wp\/v2\/pages\/8384","targetHints":{"allow":["GET"]}}],"collection":[{"href":"https:\/\/www.firedestroyer.it\/en\/wp-json\/wp\/v2\/pages"}],"about":[{"href":"https:\/\/www.firedestroyer.it\/en\/wp-json\/wp\/v2\/types\/page"}],"author":[{"embeddable":true,"href":"https:\/\/www.firedestroyer.it\/en\/wp-json\/wp\/v2\/users\/1"}],"replies":[{"embeddable":true,"href":"https:\/\/www.firedestroyer.it\/en\/wp-json\/wp\/v2\/comments?post=8384"}],"version-history":[{"count":0,"href":"https:\/\/www.firedestroyer.it\/en\/wp-json\/wp\/v2\/pages\/8384\/revisions"}],"wp:attachment":[{"href":"https:\/\/www.firedestroyer.it\/en\/wp-json\/wp\/v2\/media?parent=8384"}],"curies":[{"name":"wp","href":"https:\/\/api.w.org\/{rel}","templated":true}]}}